{"id":1609,"date":"2022-11-29T10:45:44","date_gmt":"2022-11-29T10:45:44","guid":{"rendered":"https:\/\/www.dvoffshore.com\/activities\/marine-renewable-energies-2\/"},"modified":"2024-07-24T16:36:20","modified_gmt":"2024-07-24T16:36:20","slug":"energies-marines-renouvelables","status":"publish","type":"page","link":"https:\/\/www.dvoffshore.com\/fr\/activities\/energies-marines-renouvelables\/","title":{"rendered":"\u00c9nergies marines renouvelables"},"content":{"rendered":"<p>[et_pb_section fb_built=\u00a0\u00bb1&Prime; custom_padding_last_edited=\u00a0\u00bbon|phone\u00a0\u00bb admin_label=\u00a0\u00bbHeader\u00a0\u00bb _builder_version=\u00a0\u00bb4.18.0&Prime; _module_preset=\u00a0\u00bbdefault\u00a0\u00bb background_image=\u00a0\u00bbhttps:\/\/www.dvoffshore.com\/wp-content\/uploads\/2022\/12\/shutterstock_1770396995-scaled.jpg\u00a0\u00bb background_position=\u00a0\u00bbbottom_center\u00a0\u00bb custom_margin=\u00a0\u00bb100px||||false|false\u00a0\u00bb custom_padding=\u00a0\u00bb120px||120px||true|false\u00a0\u00bb custom_padding_tablet=\u00a0\u00bb100px||100px||true|false\u00a0\u00bb custom_padding_phone=\u00a0\u00bb80px||80px||true|false\u00a0\u00bb locked=\u00a0\u00bboff\u00a0\u00bb global_colors_info=\u00a0\u00bb{}\u00a0\u00bb][et_pb_row _builder_version=\u00a0\u00bb4.18.0&Prime; _module_preset=\u00a0\u00bbdefault\u00a0\u00bb background_color=\u00a0\u00bbrgba(22,65,148,0.7)\u00a0\u00bb custom_padding=\u00a0\u00bb|30px||30px|false|true\u00a0\u00bb border_width_all=\u00a0\u00bb2px\u00a0\u00bb border_color_all=\u00a0\u00bb#FFFFFF\u00a0\u00bb global_colors_info=\u00a0\u00bb{}\u00a0\u00bb][et_pb_column type=\u00a0\u00bb4_4&Prime; _builder_version=\u00a0\u00bb4.16&Prime; _module_preset=\u00a0\u00bbdefault\u00a0\u00bb global_colors_info=\u00a0\u00bb{}\u00a0\u00bb][et_pb_text _builder_version=\u00a0\u00bb4.18.0&Prime; _module_preset=\u00a0\u00bbd72c0383-6487-4f2c-ac5c-7d48a6376757&Prime; header_font=\u00a0\u00bbHelvetica Neue Medium||||||||\u00a0\u00bb header_text_color=\u00a0\u00bb#FFFFFF\u00a0\u00bb header_font_size=\u00a0\u00bb95px\u00a0\u00bb animation_direction=\u00a0\u00bbtop\u00a0\u00bb header_font_size_tablet=\u00a0\u00bb10vw\u00a0\u00bb header_font_size_phone=\u00a0\u00bb\u00a0\u00bb header_font_size_last_edited=\u00a0\u00bbon|phone\u00a0\u00bb global_colors_info=\u00a0\u00bb{}\u00a0\u00bb]<\/p>\n<h1>\u00e9nergieS marines renouvelables<\/h1>\n<p>[\/et_pb_text][\/et_pb_column][\/et_pb_row][\/et_pb_section][et_pb_section fb_built=\u00a0\u00bb1&Prime; _builder_version=\u00a0\u00bb4.18.0&Prime; _module_preset=\u00a0\u00bbdefault\u00a0\u00bb use_background_color_gradient=\u00a0\u00bbon\u00a0\u00bb background_color_gradient_direction=\u00a0\u00bb90deg\u00a0\u00bb background_color_gradient_stops=\u00a0\u00bb#f1f7fd 34%|#ffffff 34%\u00a0\u00bb global_colors_info=\u00a0\u00bb{}\u00a0\u00bb][et_pb_row column_structure=\u00a0\u00bb1_4,3_4&Prime; _builder_version=\u00a0\u00bb4.18.0&Prime; _module_preset=\u00a0\u00bbdefault\u00a0\u00bb global_colors_info=\u00a0\u00bb{}\u00a0\u00bb][et_pb_column type=\u00a0\u00bb1_4&Prime; _builder_version=\u00a0\u00bb4.18.0&Prime; _module_preset=\u00a0\u00bbdefault\u00a0\u00bb global_colors_info=\u00a0\u00bb{}\u00a0\u00bb][et_pb_image src=\u00a0\u00bbhttps:\/\/www.dvoffshore.com\/wp-content\/uploads\/2022\/11\/triple-vague-rouge.png\u00a0\u00bb title_text=\u00a0\u00bbtriple-vague-rouge\u00a0\u00bb disabled_on=\u00a0\u00bbon|on|off\u00a0\u00bb _builder_version=\u00a0\u00bb4.18.0&Prime; _module_preset=\u00a0\u00bbdefault\u00a0\u00bb background_enable_color=\u00a0\u00bboff\u00a0\u00bb global_colors_info=\u00a0\u00bb{}\u00a0\u00bb][\/et_pb_image][et_pb_button button_url=\u00a0\u00bbhttps:\/\/www.dvoffshore.com\/fr\/projets\/?_filtre_categorie=energies-marines-renouvelables\u00a0\u00bb button_text=\u00a0\u00bbNOS PROJETS\u00a0\u00bb _builder_version=\u00a0\u00bb4.27.0&Prime; _module_preset=\u00a0\u00bbdefault\u00a0\u00bb custom_button=\u00a0\u00bbon\u00a0\u00bb button_text_size=\u00a0\u00bb16px\u00a0\u00bb button_text_color=\u00a0\u00bb#FFFFFF\u00a0\u00bb button_bg_color=\u00a0\u00bb#164194&Prime; button_border_color=\u00a0\u00bb#FFFFFF\u00a0\u00bb button_border_radius=\u00a0\u00bb0px\u00a0\u00bb button_letter_spacing=\u00a0\u00bb2px\u00a0\u00bb button_font=\u00a0\u00bb|700||on|||||\u00a0\u00bb background_layout=\u00a0\u00bbdark\u00a0\u00bb custom_margin=\u00a0\u00bb40px||||false|false\u00a0\u00bb custom_padding=\u00a0\u00bb14px|35px|14px|35px|true|true\u00a0\u00bb custom_padding_tablet=\u00a0\u00bb12px|30px|12px|30px|true|true\u00a0\u00bb custom_padding_phone=\u00a0\u00bb10px|20px|10px|20px|true|true\u00a0\u00bb custom_padding_last_edited=\u00a0\u00bbon|phone\u00a0\u00bb hover_enabled=\u00a0\u00bb0&Prime; button_text_size_tablet=\u00a0\u00bb13px\u00a0\u00bb button_text_size_phone=\u00a0\u00bb12px\u00a0\u00bb button_text_size_last_edited=\u00a0\u00bbon|tablet\u00a0\u00bb custom_css_main_element=\u00a0\u00bbwidth: 100%;\u00a0\u00bb locked=\u00a0\u00bboff\u00a0\u00bb global_colors_info=\u00a0\u00bb{}\u00a0\u00bb button_text_color__hover=\u00a0\u00bb#164194&Prime; button_text_color__hover_enabled=\u00a0\u00bbon|hover\u00a0\u00bb button_bg_color__hover=\u00a0\u00bb#F1F7FD\u00a0\u00bb button_bg_color__hover_enabled=\u00a0\u00bbon|hover\u00a0\u00bb button_bg_enable_color__hover=\u00a0\u00bbon\u00a0\u00bb button_border_color__hover_enabled=\u00a0\u00bbon|hover\u00a0\u00bb button_border_color__hover=\u00a0\u00bb#164194&Prime; sticky_enabled=\u00a0\u00bb0&Prime;][\/et_pb_button][et_pb_button button_url=\u00a0\u00bbhttps:\/\/www.dvoffshore.com\/wp-content\/uploads\/2023\/06\/DVO-reference-list-marine-renewable-energies-2023-06-22.pdf\u00a0\u00bb url_new_window=\u00a0\u00bbon\u00a0\u00bb button_text=\u00a0\u00bbNOS REFERENCES\u00a0\u00bb button_alignment=\u00a0\u00bbleft\u00a0\u00bb button_alignment_tablet=\u00a0\u00bbcenter\u00a0\u00bb button_alignment_phone=\u00a0\u00bb\u00a0\u00bb button_alignment_last_edited=\u00a0\u00bbon|tablet\u00a0\u00bb _builder_version=\u00a0\u00bb4.25.0&Prime; _module_preset=\u00a0\u00bbdefault\u00a0\u00bb custom_button=\u00a0\u00bbon\u00a0\u00bb button_text_size=\u00a0\u00bb18px\u00a0\u00bb button_text_color=\u00a0\u00bb#FFFFFF\u00a0\u00bb button_bg_color=\u00a0\u00bb#E94E24&Prime; button_border_color=\u00a0\u00bb#FFFFFF\u00a0\u00bb button_border_radius=\u00a0\u00bb0px\u00a0\u00bb button_letter_spacing=\u00a0\u00bb2px\u00a0\u00bb button_font=\u00a0\u00bb|700||on|||||\u00a0\u00bb background_layout=\u00a0\u00bbdark\u00a0\u00bb custom_margin=\u00a0\u00bb40px||||false|false\u00a0\u00bb custom_padding=\u00a0\u00bb14px|35px|14px|35px|true|true\u00a0\u00bb custom_padding_tablet=\u00a0\u00bb12px|30px|12px|30px|true|true\u00a0\u00bb custom_padding_phone=\u00a0\u00bb10px|20px|10px|20px|true|true\u00a0\u00bb custom_padding_last_edited=\u00a0\u00bbon|phone\u00a0\u00bb button_text_size_tablet=\u00a0\u00bb13px\u00a0\u00bb button_text_size_phone=\u00a0\u00bb12px\u00a0\u00bb button_text_size_last_edited=\u00a0\u00bbon|tablet\u00a0\u00bb locked=\u00a0\u00bboff\u00a0\u00bb global_colors_info=\u00a0\u00bb{}\u00a0\u00bb button_text_color__hover=\u00a0\u00bb#E94E24&Prime; button_text_color__hover_enabled=\u00a0\u00bbon|hover\u00a0\u00bb button_bg_color__hover=\u00a0\u00bb#FFFFFF\u00a0\u00bb button_bg_color__hover_enabled=\u00a0\u00bbon|hover\u00a0\u00bb button_border_color__hover_enabled=\u00a0\u00bbon|hover\u00a0\u00bb button_border_color__hover=\u00a0\u00bb#E94E24&Prime;][\/et_pb_button][\/et_pb_column][et_pb_column type=\u00a0\u00bb3_4&Prime; _builder_version=\u00a0\u00bb4.18.0&Prime; _module_preset=\u00a0\u00bbdefault\u00a0\u00bb global_colors_info=\u00a0\u00bb{}\u00a0\u00bb][et_pb_text _builder_version=\u00a0\u00bb4.18.0&Prime; _module_preset=\u00a0\u00bbdefault\u00a0\u00bb text_font=\u00a0\u00bbHelvetica Neue Regular||||||||\u00a0\u00bb text_text_color=\u00a0\u00bb#000000&Prime; text_font_size=\u00a0\u00bb20px\u00a0\u00bb text_orientation=\u00a0\u00bbjustified\u00a0\u00bb global_colors_info=\u00a0\u00bb{}\u00a0\u00bb]<\/p>\n<p>DV Offshore est pleinement impliqu\u00e9 dans le soutien de ses clients dans les projets d&rsquo;\u00e9nergies marines renouvelables.<\/p>\n<p>Nous combinons notre longue exp\u00e9rience des op\u00e9rations maritimes et des projets offshore avec l&rsquo;expertise technique de notre \u00e9quipe pour concevoir les solutions de demain.<\/p>\n<p>Ensemble, nous travaillons \u00e0 une conception optimis\u00e9e et \u00e0 des solutions de d\u00e9veloppement pour livrer des projets d&rsquo;une efficacit\u00e9 maximale et d&rsquo;une performance accrue.<\/p>\n<p>DV Offshore peut r\u00e9aliser des \u00e9tudes conceptuelles, des conceptions pr\u00e9liminaires et de base ou de l&rsquo;ing\u00e9nierie d&rsquo;approvisionnement et d&rsquo;installation. Gr\u00e2ce \u00e0 notre exp\u00e9rience des grands projets offshore, nous pouvons \u00e9galement superviser la conception d\u00e9taill\u00e9e, la fabrication des \u00e9quipements et les op\u00e9rations d&rsquo;installation offshore pour le compte de notre client.<\/p>\n<p>Avec notre participation \u00e0 des projets d&rsquo;\u00e9oliennes flottantes (FOWT pour Floating Offshore Wind Turbine), nous facilitons l&rsquo;acc\u00e8s aux nouvelles ressources \u00e9oliennes en eaux profondes. En France, nous avons contribu\u00e9 \u00e0 la plupart des projets \u00e9oliens en mer : gr\u00e2ce \u00e0 notre expertise en mati\u00e8re d&rsquo;amarrage, de transport, d&rsquo;installation, de connexion, de stockage au port&#8230; Nous sommes impliqu\u00e9s dans toutes les phases des projets.<\/p>\n<p>Les technologies SWAC (Sea Water Air Conditioning Systems), \u00e9galement connues sous le nom de refroidissement par l&rsquo;eau de mer, consistent en des pipelines PEHD qui aspirent l&rsquo;eau de mer froide des grandes profondeurs et la pompent jusqu&rsquo;aux \u00e9changeurs de chaleur des syst\u00e8mes de climatisation des b\u00e2timents, fournissant ainsi une \u00e9nergie durable. Dans la r\u00e9gion du Pacifique Sud, o\u00f9 les deux grands projets ont \u00e9t\u00e9 install\u00e9s, nous avons \u00e9t\u00e9 impliqu\u00e9s depuis la conception pr\u00e9liminaire jusqu&rsquo;\u00e0 la conception d\u00e9taill\u00e9e et l&rsquo;ing\u00e9nierie d&rsquo;approvisionnement.<\/p>\n<p>DV Offshore a \u00e9galement r\u00e9alis\u00e9 la conception d\u00e9taill\u00e9e d&rsquo;une boucle thalassothermique en PEHD dont le fonctionnement consiste \u00e0 pomper de l&rsquo;eau de mer et \u00e0 utiliser sa temp\u00e9rature pour refroidir ou chauffer des b\u00e2timents ou toute autre infrastructure.<\/p>\n<p><span data-contrast=\"none\">DV Offshore contribue \u00e9galement aux projets de capture et de stockage du carbone en d\u00e9veloppant des terminaux de r\u00e9injection de CO2 et d&rsquo;ammoniac.<\/span><span data-contrast=\"none\">.<\/span><span data-ccp-props=\"{&quot;134233117&quot;:true,&quot;134233118&quot;:true,&quot;201341983&quot;:0,&quot;335559740&quot;:240}\">\u00a0<\/span><\/p>\n<p>[\/et_pb_text][\/et_pb_column][\/et_pb_row][\/et_pb_section]<\/p>\n","protected":false},"excerpt":{"rendered":"<p>\u00e9nergieS marines renouvelablesDV Offshore est pleinement impliqu\u00e9 dans le soutien de ses clients dans les projets d&rsquo;\u00e9nergies marines renouvelables. Nous combinons notre longue exp\u00e9rience des op\u00e9rations maritimes et des projets offshore avec l&rsquo;expertise technique de notre \u00e9quipe pour concevoir les solutions de demain. Ensemble, nous travaillons \u00e0 une conception optimis\u00e9e et \u00e0 des solutions de d\u00e9veloppement pour livrer des projets d&rsquo;une efficacit\u00e9 maximale et d&rsquo;une performance accrue. DV Offshore peut r\u00e9aliser des \u00e9tudes conceptuelles, des conceptions pr\u00e9liminaires et de base ou de l&rsquo;ing\u00e9nierie d&rsquo;approvisionnement et d&rsquo;installation. Gr\u00e2ce \u00e0 notre exp\u00e9rience des grands projets offshore, nous pouvons \u00e9galement superviser la conception d\u00e9taill\u00e9e, la fabrication des \u00e9quipements et les op\u00e9rations d&rsquo;installation offshore pour le compte de notre client. Avec notre participation \u00e0 des projets d&rsquo;\u00e9oliennes flottantes (FOWT pour Floating Offshore Wind Turbine), nous facilitons l&rsquo;acc\u00e8s aux nouvelles ressources \u00e9oliennes en eaux profondes. En France, nous avons contribu\u00e9 \u00e0 la plupart des projets \u00e9oliens en mer : gr\u00e2ce \u00e0 notre expertise en mati\u00e8re d&rsquo;amarrage, de transport, d&rsquo;installation, de connexion, de stockage au port&#8230; Nous sommes impliqu\u00e9s dans toutes les phases des projets. Les technologies SWAC (Sea Water Air Conditioning Systems), \u00e9galement connues sous le nom de refroidissement par l&rsquo;eau de mer, consistent en [&hellip;]<\/p>\n","protected":false},"author":1,"featured_media":0,"parent":1594,"menu_order":0,"comment_status":"closed","ping_status":"closed","template":"","meta":{"_acf_changed":false,"_et_pb_use_builder":"on","_et_pb_old_content":"","_et_gb_content_width":"","footnotes":""},"class_list":["post-1609","page","type-page","status-publish","hentry"],"acf":[],"yoast_head":"<!-- This site is optimized with the Yoast SEO plugin v27.5 - https:\/\/yoast.com\/product\/yoast-seo-wordpress\/ -->\n<title>\u00c9nergies marines renouvelables - DVOffshore<\/title>\n<meta name=\"robots\" content=\"index, follow, max-snippet:-1, max-image-preview:large, max-video-preview:-1\" \/>\n<link rel=\"canonical\" href=\"https:\/\/www.dvoffshore.com\/fr\/activities\/energies-marines-renouvelables\/\" \/>\n<meta property=\"og:locale\" content=\"fr_FR\" \/>\n<meta property=\"og:type\" content=\"article\" \/>\n<meta property=\"og:title\" content=\"\u00c9nergies marines renouvelables - DVOffshore\" \/>\n<meta property=\"og:description\" content=\"\u00e9nergieS marines renouvelablesDV Offshore est pleinement impliqu\u00e9 dans le soutien de ses clients dans les projets d&#039;\u00e9nergies marines renouvelables. Nous combinons notre longue exp\u00e9rience des op\u00e9rations maritimes et des projets offshore avec l&#039;expertise technique de notre \u00e9quipe pour concevoir les solutions de demain. Ensemble, nous travaillons \u00e0 une conception optimis\u00e9e et \u00e0 des solutions de d\u00e9veloppement pour livrer des projets d&#039;une efficacit\u00e9 maximale et d&#039;une performance accrue. DV Offshore peut r\u00e9aliser des \u00e9tudes conceptuelles, des conceptions pr\u00e9liminaires et de base ou de l&#039;ing\u00e9nierie d&#039;approvisionnement et d&#039;installation. Gr\u00e2ce \u00e0 notre exp\u00e9rience des grands projets offshore, nous pouvons \u00e9galement superviser la conception d\u00e9taill\u00e9e, la fabrication des \u00e9quipements et les op\u00e9rations d&#039;installation offshore pour le compte de notre client. Avec notre participation \u00e0 des projets d&#039;\u00e9oliennes flottantes (FOWT pour Floating Offshore Wind Turbine), nous facilitons l&#039;acc\u00e8s aux nouvelles ressources \u00e9oliennes en eaux profondes. En France, nous avons contribu\u00e9 \u00e0 la plupart des projets \u00e9oliens en mer : gr\u00e2ce \u00e0 notre expertise en mati\u00e8re d&#039;amarrage, de transport, d&#039;installation, de connexion, de stockage au port... Nous sommes impliqu\u00e9s dans toutes les phases des projets. Les technologies SWAC (Sea Water Air Conditioning Systems), \u00e9galement connues sous le nom de refroidissement par l&#039;eau de mer, consistent en [&hellip;]\" \/>\n<meta property=\"og:url\" content=\"https:\/\/www.dvoffshore.com\/fr\/activities\/energies-marines-renouvelables\/\" \/>\n<meta property=\"og:site_name\" content=\"DVOffshore\" \/>\n<meta property=\"article:modified_time\" content=\"2024-07-24T16:36:20+00:00\" \/>\n<meta name=\"twitter:card\" content=\"summary_large_image\" \/>\n<meta name=\"twitter:label1\" content=\"Dur\u00e9e de lecture estim\u00e9e\" \/>\n\t<meta name=\"twitter:data1\" content=\"2 minutes\" \/>\n<script type=\"application\/ld+json\" class=\"yoast-schema-graph\">{\"@context\":\"https:\\\/\\\/schema.org\",\"@graph\":[{\"@type\":\"WebPage\",\"@id\":\"https:\\\/\\\/www.dvoffshore.com\\\/fr\\\/activities\\\/energies-marines-renouvelables\\\/\",\"url\":\"https:\\\/\\\/www.dvoffshore.com\\\/fr\\\/activities\\\/energies-marines-renouvelables\\\/\",\"name\":\"\u00c9nergies marines renouvelables - DVOffshore\",\"isPartOf\":{\"@id\":\"https:\\\/\\\/www.dvoffshore.com\\\/fr\\\/#website\"},\"datePublished\":\"2022-11-29T10:45:44+00:00\",\"dateModified\":\"2024-07-24T16:36:20+00:00\",\"breadcrumb\":{\"@id\":\"https:\\\/\\\/www.dvoffshore.com\\\/fr\\\/activities\\\/energies-marines-renouvelables\\\/#breadcrumb\"},\"inLanguage\":\"fr-FR\",\"potentialAction\":[{\"@type\":\"ReadAction\",\"target\":[\"https:\\\/\\\/www.dvoffshore.com\\\/fr\\\/activities\\\/energies-marines-renouvelables\\\/\"]}]},{\"@type\":\"BreadcrumbList\",\"@id\":\"https:\\\/\\\/www.dvoffshore.com\\\/fr\\\/activities\\\/energies-marines-renouvelables\\\/#breadcrumb\",\"itemListElement\":[{\"@type\":\"ListItem\",\"position\":1,\"name\":\"Accueil\",\"item\":\"https:\\\/\\\/www.dvoffshore.com\\\/fr\\\/\"},{\"@type\":\"ListItem\",\"position\":2,\"name\":\"Nos activit\u00e9s\",\"item\":\"https:\\\/\\\/www.dvoffshore.com\\\/fr\\\/activities\\\/\"},{\"@type\":\"ListItem\",\"position\":3,\"name\":\"\u00c9nergies marines renouvelables\"}]},{\"@type\":\"WebSite\",\"@id\":\"https:\\\/\\\/www.dvoffshore.com\\\/fr\\\/#website\",\"url\":\"https:\\\/\\\/www.dvoffshore.com\\\/fr\\\/\",\"name\":\"DVOffshore\",\"description\":\"Consulting engineers\",\"publisher\":{\"@id\":\"https:\\\/\\\/www.dvoffshore.com\\\/fr\\\/#organization\"},\"potentialAction\":[{\"@type\":\"SearchAction\",\"target\":{\"@type\":\"EntryPoint\",\"urlTemplate\":\"https:\\\/\\\/www.dvoffshore.com\\\/fr\\\/?s={search_term_string}\"},\"query-input\":{\"@type\":\"PropertyValueSpecification\",\"valueRequired\":true,\"valueName\":\"search_term_string\"}}],\"inLanguage\":\"fr-FR\"},{\"@type\":\"Organization\",\"@id\":\"https:\\\/\\\/www.dvoffshore.com\\\/fr\\\/#organization\",\"name\":\"DVOffshore\",\"alternateName\":\"DVO\",\"url\":\"https:\\\/\\\/www.dvoffshore.com\\\/fr\\\/\",\"logo\":{\"@type\":\"ImageObject\",\"inLanguage\":\"fr-FR\",\"@id\":\"https:\\\/\\\/www.dvoffshore.com\\\/fr\\\/#\\\/schema\\\/logo\\\/image\\\/\",\"url\":\"https:\\\/\\\/www.dvoffshore.com\\\/wp-content\\\/uploads\\\/2022\\\/12\\\/logo-rvb.png\",\"contentUrl\":\"https:\\\/\\\/www.dvoffshore.com\\\/wp-content\\\/uploads\\\/2022\\\/12\\\/logo-rvb.png\",\"width\":618,\"height\":378,\"caption\":\"DVOffshore\"},\"image\":{\"@id\":\"https:\\\/\\\/www.dvoffshore.com\\\/fr\\\/#\\\/schema\\\/logo\\\/image\\\/\"}}]}<\/script>\n<!-- \/ Yoast SEO plugin. -->","yoast_head_json":{"title":"\u00c9nergies marines renouvelables - DVOffshore","robots":{"index":"index","follow":"follow","max-snippet":"max-snippet:-1","max-image-preview":"max-image-preview:large","max-video-preview":"max-video-preview:-1"},"canonical":"https:\/\/www.dvoffshore.com\/fr\/activities\/energies-marines-renouvelables\/","og_locale":"fr_FR","og_type":"article","og_title":"\u00c9nergies marines renouvelables - DVOffshore","og_description":"\u00e9nergieS marines renouvelablesDV Offshore est pleinement impliqu\u00e9 dans le soutien de ses clients dans les projets d'\u00e9nergies marines renouvelables. Nous combinons notre longue exp\u00e9rience des op\u00e9rations maritimes et des projets offshore avec l'expertise technique de notre \u00e9quipe pour concevoir les solutions de demain. Ensemble, nous travaillons \u00e0 une conception optimis\u00e9e et \u00e0 des solutions de d\u00e9veloppement pour livrer des projets d'une efficacit\u00e9 maximale et d'une performance accrue. DV Offshore peut r\u00e9aliser des \u00e9tudes conceptuelles, des conceptions pr\u00e9liminaires et de base ou de l'ing\u00e9nierie d'approvisionnement et d'installation. Gr\u00e2ce \u00e0 notre exp\u00e9rience des grands projets offshore, nous pouvons \u00e9galement superviser la conception d\u00e9taill\u00e9e, la fabrication des \u00e9quipements et les op\u00e9rations d'installation offshore pour le compte de notre client. Avec notre participation \u00e0 des projets d'\u00e9oliennes flottantes (FOWT pour Floating Offshore Wind Turbine), nous facilitons l'acc\u00e8s aux nouvelles ressources \u00e9oliennes en eaux profondes. En France, nous avons contribu\u00e9 \u00e0 la plupart des projets \u00e9oliens en mer : gr\u00e2ce \u00e0 notre expertise en mati\u00e8re d'amarrage, de transport, d'installation, de connexion, de stockage au port... Nous sommes impliqu\u00e9s dans toutes les phases des projets. Les technologies SWAC (Sea Water Air Conditioning Systems), \u00e9galement connues sous le nom de refroidissement par l'eau de mer, consistent en [&hellip;]","og_url":"https:\/\/www.dvoffshore.com\/fr\/activities\/energies-marines-renouvelables\/","og_site_name":"DVOffshore","article_modified_time":"2024-07-24T16:36:20+00:00","twitter_card":"summary_large_image","twitter_misc":{"Dur\u00e9e de lecture estim\u00e9e":"2 minutes"},"schema":{"@context":"https:\/\/schema.org","@graph":[{"@type":"WebPage","@id":"https:\/\/www.dvoffshore.com\/fr\/activities\/energies-marines-renouvelables\/","url":"https:\/\/www.dvoffshore.com\/fr\/activities\/energies-marines-renouvelables\/","name":"\u00c9nergies marines renouvelables - DVOffshore","isPartOf":{"@id":"https:\/\/www.dvoffshore.com\/fr\/#website"},"datePublished":"2022-11-29T10:45:44+00:00","dateModified":"2024-07-24T16:36:20+00:00","breadcrumb":{"@id":"https:\/\/www.dvoffshore.com\/fr\/activities\/energies-marines-renouvelables\/#breadcrumb"},"inLanguage":"fr-FR","potentialAction":[{"@type":"ReadAction","target":["https:\/\/www.dvoffshore.com\/fr\/activities\/energies-marines-renouvelables\/"]}]},{"@type":"BreadcrumbList","@id":"https:\/\/www.dvoffshore.com\/fr\/activities\/energies-marines-renouvelables\/#breadcrumb","itemListElement":[{"@type":"ListItem","position":1,"name":"Accueil","item":"https:\/\/www.dvoffshore.com\/fr\/"},{"@type":"ListItem","position":2,"name":"Nos activit\u00e9s","item":"https:\/\/www.dvoffshore.com\/fr\/activities\/"},{"@type":"ListItem","position":3,"name":"\u00c9nergies marines renouvelables"}]},{"@type":"WebSite","@id":"https:\/\/www.dvoffshore.com\/fr\/#website","url":"https:\/\/www.dvoffshore.com\/fr\/","name":"DVOffshore","description":"Consulting engineers","publisher":{"@id":"https:\/\/www.dvoffshore.com\/fr\/#organization"},"potentialAction":[{"@type":"SearchAction","target":{"@type":"EntryPoint","urlTemplate":"https:\/\/www.dvoffshore.com\/fr\/?s={search_term_string}"},"query-input":{"@type":"PropertyValueSpecification","valueRequired":true,"valueName":"search_term_string"}}],"inLanguage":"fr-FR"},{"@type":"Organization","@id":"https:\/\/www.dvoffshore.com\/fr\/#organization","name":"DVOffshore","alternateName":"DVO","url":"https:\/\/www.dvoffshore.com\/fr\/","logo":{"@type":"ImageObject","inLanguage":"fr-FR","@id":"https:\/\/www.dvoffshore.com\/fr\/#\/schema\/logo\/image\/","url":"https:\/\/www.dvoffshore.com\/wp-content\/uploads\/2022\/12\/logo-rvb.png","contentUrl":"https:\/\/www.dvoffshore.com\/wp-content\/uploads\/2022\/12\/logo-rvb.png","width":618,"height":378,"caption":"DVOffshore"},"image":{"@id":"https:\/\/www.dvoffshore.com\/fr\/#\/schema\/logo\/image\/"}}]}},"_links":{"self":[{"href":"https:\/\/www.dvoffshore.com\/fr\/wp-json\/wp\/v2\/pages\/1609","targetHints":{"allow":["GET"]}}],"collection":[{"href":"https:\/\/www.dvoffshore.com\/fr\/wp-json\/wp\/v2\/pages"}],"about":[{"href":"https:\/\/www.dvoffshore.com\/fr\/wp-json\/wp\/v2\/types\/page"}],"author":[{"embeddable":true,"href":"https:\/\/www.dvoffshore.com\/fr\/wp-json\/wp\/v2\/users\/1"}],"replies":[{"embeddable":true,"href":"https:\/\/www.dvoffshore.com\/fr\/wp-json\/wp\/v2\/comments?post=1609"}],"version-history":[{"count":11,"href":"https:\/\/www.dvoffshore.com\/fr\/wp-json\/wp\/v2\/pages\/1609\/revisions"}],"predecessor-version":[{"id":2020,"href":"https:\/\/www.dvoffshore.com\/fr\/wp-json\/wp\/v2\/pages\/1609\/revisions\/2020"}],"up":[{"embeddable":true,"href":"https:\/\/www.dvoffshore.com\/fr\/wp-json\/wp\/v2\/pages\/1594"}],"wp:attachment":[{"href":"https:\/\/www.dvoffshore.com\/fr\/wp-json\/wp\/v2\/media?parent=1609"}],"curies":[{"name":"wp","href":"https:\/\/api.w.org\/{rel}","templated":true}]}}