{"id":1633,"date":"2023-06-05T12:04:54","date_gmt":"2023-06-05T12:04:54","guid":{"rendered":"https:\/\/www.dvoffshore.com\/activities\/floating-units\/"},"modified":"2024-07-24T16:33:41","modified_gmt":"2024-07-24T16:33:41","slug":"unites-flottantes","status":"publish","type":"page","link":"https:\/\/www.dvoffshore.com\/fr\/activities\/unites-flottantes\/","title":{"rendered":"Unit\u00e9s flottantes"},"content":{"rendered":"<p>[et_pb_section fb_built=\u00a0\u00bb1&Prime; custom_padding_last_edited=\u00a0\u00bbon|phone\u00a0\u00bb admin_label=\u00a0\u00bbHeader\u00a0\u00bb _builder_version=\u00a0\u00bb4.21.0&Prime; _module_preset=\u00a0\u00bbdefault\u00a0\u00bb background_image=\u00a0\u00bbhttps:\/\/www.dvoffshore.com\/wp-content\/uploads\/2023\/06\/dvo-activities-floating-units-2.jpg\u00a0\u00bb custom_margin=\u00a0\u00bb100px||||false|false\u00a0\u00bb custom_padding=\u00a0\u00bb120px||120px||true|false\u00a0\u00bb custom_padding_tablet=\u00a0\u00bb100px||100px||true|false\u00a0\u00bb custom_padding_phone=\u00a0\u00bb80px||80px||true|false\u00a0\u00bb locked=\u00a0\u00bboff\u00a0\u00bb global_colors_info=\u00a0\u00bb{}\u00a0\u00bb][et_pb_row _builder_version=\u00a0\u00bb4.18.0&Prime; _module_preset=\u00a0\u00bbdefault\u00a0\u00bb background_color=\u00a0\u00bbrgba(22,65,148,0.7)\u00a0\u00bb custom_padding=\u00a0\u00bb|30px||30px|false|true\u00a0\u00bb border_width_all=\u00a0\u00bb2px\u00a0\u00bb border_color_all=\u00a0\u00bb#FFFFFF\u00a0\u00bb global_colors_info=\u00a0\u00bb{}\u00a0\u00bb][et_pb_column type=\u00a0\u00bb4_4&Prime; _builder_version=\u00a0\u00bb4.16&Prime; _module_preset=\u00a0\u00bbdefault\u00a0\u00bb global_colors_info=\u00a0\u00bb{}\u00a0\u00bb][et_pb_text _builder_version=\u00a0\u00bb4.21.0&Prime; _module_preset=\u00a0\u00bbd72c0383-6487-4f2c-ac5c-7d48a6376757&Prime; header_font=\u00a0\u00bbHelvetica Neue Medium||||||||\u00a0\u00bb header_text_align=\u00a0\u00bbcenter\u00a0\u00bb header_text_color=\u00a0\u00bb#FFFFFF\u00a0\u00bb header_font_size=\u00a0\u00bb95px\u00a0\u00bb animation_direction=\u00a0\u00bbtop\u00a0\u00bb header_font_size_tablet=\u00a0\u00bb10vw\u00a0\u00bb header_font_size_phone=\u00a0\u00bb\u00a0\u00bb header_font_size_last_edited=\u00a0\u00bbon|phone\u00a0\u00bb global_colors_info=\u00a0\u00bb{}\u00a0\u00bb]<\/p>\n<h1>UNIT\u00c9S FLOTTANTES<\/h1>\n<p>[\/et_pb_text][et_pb_text _builder_version=\u00a0\u00bb4.21.0&Prime; _module_preset=\u00a0\u00bbdefault\u00a0\u00bb header_2_font=\u00a0\u00bbHelvetica Neue Regular||||||||\u00a0\u00bb header_2_text_align=\u00a0\u00bbcenter\u00a0\u00bb header_2_text_color=\u00a0\u00bb#FFFFFF\u00a0\u00bb global_colors_info=\u00a0\u00bb{}\u00a0\u00bb]<\/p>\n<h2>FSO, FPSO, FLNG, FSRU<\/h2>\n<p>[\/et_pb_text][\/et_pb_column][\/et_pb_row][\/et_pb_section][et_pb_section fb_built=\u00a0\u00bb1&Prime; _builder_version=\u00a0\u00bb4.18.0&Prime; _module_preset=\u00a0\u00bbdefault\u00a0\u00bb use_background_color_gradient=\u00a0\u00bbon\u00a0\u00bb background_color_gradient_direction=\u00a0\u00bb90deg\u00a0\u00bb background_color_gradient_stops=\u00a0\u00bb#f1f7fd 34%|#ffffff 34%\u00a0\u00bb global_colors_info=\u00a0\u00bb{}\u00a0\u00bb][et_pb_row column_structure=\u00a0\u00bb1_4,3_4&Prime; _builder_version=\u00a0\u00bb4.18.0&Prime; _module_preset=\u00a0\u00bbdefault\u00a0\u00bb global_colors_info=\u00a0\u00bb{}\u00a0\u00bb][et_pb_column type=\u00a0\u00bb1_4&Prime; _builder_version=\u00a0\u00bb4.18.0&Prime; _module_preset=\u00a0\u00bbdefault\u00a0\u00bb global_colors_info=\u00a0\u00bb{}\u00a0\u00bb][et_pb_image src=\u00a0\u00bbhttps:\/\/www.dvoffshore.com\/wp-content\/uploads\/2022\/11\/triple-vague-rouge.png\u00a0\u00bb title_text=\u00a0\u00bbtriple-vague-rouge\u00a0\u00bb disabled_on=\u00a0\u00bbon|on|off\u00a0\u00bb _builder_version=\u00a0\u00bb4.18.0&Prime; _module_preset=\u00a0\u00bbdefault\u00a0\u00bb background_enable_color=\u00a0\u00bboff\u00a0\u00bb global_colors_info=\u00a0\u00bb{}\u00a0\u00bb][\/et_pb_image][et_pb_button button_url=\u00a0\u00bbhttps:\/\/www.dvoffshore.com\/fr\/projets\/?_filtre_categorie=unites-flottantes-fr\u00a0\u00bb button_text=\u00a0\u00bbNOS PROJETS\u00a0\u00bb _builder_version=\u00a0\u00bb4.27.0&Prime; _module_preset=\u00a0\u00bbdefault\u00a0\u00bb custom_button=\u00a0\u00bbon\u00a0\u00bb button_text_size=\u00a0\u00bb16px\u00a0\u00bb button_text_color=\u00a0\u00bb#FFFFFF\u00a0\u00bb button_bg_color=\u00a0\u00bb#164194&Prime; button_border_color=\u00a0\u00bb#FFFFFF\u00a0\u00bb button_border_radius=\u00a0\u00bb0px\u00a0\u00bb button_letter_spacing=\u00a0\u00bb2px\u00a0\u00bb button_font=\u00a0\u00bb|700||on|||||\u00a0\u00bb background_layout=\u00a0\u00bbdark\u00a0\u00bb custom_margin=\u00a0\u00bb40px||||false|false\u00a0\u00bb custom_padding=\u00a0\u00bb14px|35px|14px|35px|true|true\u00a0\u00bb custom_padding_tablet=\u00a0\u00bb12px|30px|12px|30px|true|true\u00a0\u00bb custom_padding_phone=\u00a0\u00bb10px|20px|10px|20px|true|true\u00a0\u00bb custom_padding_last_edited=\u00a0\u00bbon|phone\u00a0\u00bb hover_enabled=\u00a0\u00bb0&Prime; button_text_size_tablet=\u00a0\u00bb13px\u00a0\u00bb button_text_size_phone=\u00a0\u00bb12px\u00a0\u00bb button_text_size_last_edited=\u00a0\u00bbon|tablet\u00a0\u00bb custom_css_main_element=\u00a0\u00bbwidth: 100%;\u00a0\u00bb locked=\u00a0\u00bboff\u00a0\u00bb global_colors_info=\u00a0\u00bb{}\u00a0\u00bb button_text_color__hover=\u00a0\u00bb#164194&Prime; button_text_color__hover_enabled=\u00a0\u00bbon|hover\u00a0\u00bb button_bg_color__hover=\u00a0\u00bb#F1F7FD\u00a0\u00bb button_bg_color__hover_enabled=\u00a0\u00bbon|hover\u00a0\u00bb button_bg_enable_color__hover=\u00a0\u00bbon\u00a0\u00bb button_border_color__hover_enabled=\u00a0\u00bbon|hover\u00a0\u00bb button_border_color__hover=\u00a0\u00bb#164194&Prime; sticky_enabled=\u00a0\u00bb0&Prime;][\/et_pb_button][et_pb_button button_url=\u00a0\u00bbhttps:\/\/www.dvoffshore.com\/wp-content\/uploads\/2023\/06\/DVO-reference-list-FSO-FPSO-2023-06-21.pdf\u00a0\u00bb url_new_window=\u00a0\u00bbon\u00a0\u00bb button_text=\u00a0\u00bbNOS REFERENCES\u00a0\u00bb button_alignment=\u00a0\u00bbleft\u00a0\u00bb button_alignment_tablet=\u00a0\u00bbcenter\u00a0\u00bb button_alignment_phone=\u00a0\u00bb\u00a0\u00bb button_alignment_last_edited=\u00a0\u00bbon|tablet\u00a0\u00bb _builder_version=\u00a0\u00bb4.25.0&Prime; _module_preset=\u00a0\u00bbdefault\u00a0\u00bb custom_button=\u00a0\u00bbon\u00a0\u00bb button_text_size=\u00a0\u00bb18px\u00a0\u00bb button_text_color=\u00a0\u00bb#FFFFFF\u00a0\u00bb button_bg_color=\u00a0\u00bb#E94E24&Prime; button_border_color=\u00a0\u00bb#FFFFFF\u00a0\u00bb button_border_radius=\u00a0\u00bb0px\u00a0\u00bb button_letter_spacing=\u00a0\u00bb2px\u00a0\u00bb button_font=\u00a0\u00bb|700||on|||||\u00a0\u00bb background_layout=\u00a0\u00bbdark\u00a0\u00bb custom_margin=\u00a0\u00bb40px||||false|false\u00a0\u00bb custom_padding=\u00a0\u00bb14px|35px|14px|35px|true|true\u00a0\u00bb custom_padding_tablet=\u00a0\u00bb12px|30px|12px|30px|true|true\u00a0\u00bb custom_padding_phone=\u00a0\u00bb10px|20px|10px|20px|true|true\u00a0\u00bb custom_padding_last_edited=\u00a0\u00bbon|phone\u00a0\u00bb button_text_size_tablet=\u00a0\u00bb13px\u00a0\u00bb button_text_size_phone=\u00a0\u00bb12px\u00a0\u00bb button_text_size_last_edited=\u00a0\u00bbon|tablet\u00a0\u00bb locked=\u00a0\u00bboff\u00a0\u00bb global_colors_info=\u00a0\u00bb{}\u00a0\u00bb button_text_color__hover=\u00a0\u00bb#E94E24&Prime; button_text_color__hover_enabled=\u00a0\u00bbon|hover\u00a0\u00bb button_bg_color__hover=\u00a0\u00bb#FFFFFF\u00a0\u00bb button_bg_color__hover_enabled=\u00a0\u00bbon|hover\u00a0\u00bb button_border_color__hover_enabled=\u00a0\u00bbon|hover\u00a0\u00bb button_border_color__hover=\u00a0\u00bb#E94E24&Prime;][\/et_pb_button][\/et_pb_column][et_pb_column type=\u00a0\u00bb3_4&Prime; _builder_version=\u00a0\u00bb4.18.0&Prime; _module_preset=\u00a0\u00bbdefault\u00a0\u00bb global_colors_info=\u00a0\u00bb{}\u00a0\u00bb][et_pb_text _builder_version=\u00a0\u00bb4.25.0&Prime; _module_preset=\u00a0\u00bbdefault\u00a0\u00bb text_font=\u00a0\u00bbHelvetica Neue Regular||||||||\u00a0\u00bb text_text_color=\u00a0\u00bb#000000&Prime; text_font_size=\u00a0\u00bb20px\u00a0\u00bb text_orientation=\u00a0\u00bbjustified\u00a0\u00bb global_colors_info=\u00a0\u00bb{}\u00a0\u00bb]<\/p>\n<p>DV Offshore a plus de 50 ans d&rsquo;exp\u00e9rience dans le domaine de l&rsquo;ing\u00e9nierie maritime, en particulier sur les navires convertis ou nouvellement construits pour l&rsquo;industrie p\u00e9troli\u00e8re et gazi\u00e8re.<\/p>\n<p>Nous appliquons notre vaste expertise aux unit\u00e9s flottantes de production, de stockage et de d\u00e9chargement (FPSO), aux installations flottantes de gaz naturel liqu\u00e9fi\u00e9 (FLNG) et aux unit\u00e9s flottantes de stockage et de regaz\u00e9ification (FSRU).<\/p>\n<p>Nous travaillons aussi bien en faible ou grande profondeur, pour des d\u00e9chargements \u00e0 couple ou en tandem.<\/p>\n<p>DV Offshore a \u00e9t\u00e9 s\u00e9lectionn\u00e9 pour participer \u00e0 plus de 25 projets FSO\/FPSO\/FSU situ\u00e9s dans 12 pays et totalisant 26 millions de barils de stockage avec une gamme de syst\u00e8mes d&rsquo;ancrage diff\u00e9rents (CALM, SALM, SBS, Yoke et Turret). Dans le cadre de ces contrats, nous nous sommes concentr\u00e9s sur l&rsquo;architecture navale, les syst\u00e8mes d&rsquo;ancrage et les op\u00e9rations maritimes<\/p>\n<p>[\/et_pb_text][\/et_pb_column][\/et_pb_row][\/et_pb_section]<\/p>\n","protected":false},"excerpt":{"rendered":"<p>UNIT\u00c9S FLOTTANTESFSO, FPSO, FLNG, FSRUDV Offshore a plus de 50 ans d&rsquo;exp\u00e9rience dans le domaine de l&rsquo;ing\u00e9nierie maritime, en particulier sur les navires convertis ou nouvellement construits pour l&rsquo;industrie p\u00e9troli\u00e8re et gazi\u00e8re. Nous appliquons notre vaste expertise aux unit\u00e9s flottantes de production, de stockage et de d\u00e9chargement (FPSO), aux installations flottantes de gaz naturel liqu\u00e9fi\u00e9 (FLNG) et aux unit\u00e9s flottantes de stockage et de regaz\u00e9ification (FSRU). Nous travaillons aussi bien en faible ou grande profondeur, pour des d\u00e9chargements \u00e0 couple ou en tandem. DV Offshore a \u00e9t\u00e9 s\u00e9lectionn\u00e9 pour participer \u00e0 plus de 25 projets FSO\/FPSO\/FSU situ\u00e9s dans 12 pays et totalisant 26 millions de barils de stockage avec une gamme de syst\u00e8mes d&rsquo;ancrage diff\u00e9rents (CALM, SALM, SBS, Yoke et Turret). Dans le cadre de ces contrats, nous nous sommes concentr\u00e9s sur l&rsquo;architecture navale, les syst\u00e8mes d&rsquo;ancrage et les op\u00e9rations maritimes<\/p>\n","protected":false},"author":1,"featured_media":0,"parent":1594,"menu_order":0,"comment_status":"closed","ping_status":"closed","template":"","meta":{"_acf_changed":false,"_et_pb_use_builder":"on","_et_pb_old_content":"","_et_gb_content_width":"","footnotes":""},"class_list":["post-1633","page","type-page","status-publish","hentry"],"acf":[],"yoast_head":"<!-- This site is optimized with the Yoast SEO plugin v27.5 - https:\/\/yoast.com\/product\/yoast-seo-wordpress\/ -->\n<title>Unit\u00e9s flottantes - DVOffshore<\/title>\n<meta name=\"robots\" content=\"index, follow, max-snippet:-1, max-image-preview:large, max-video-preview:-1\" \/>\n<link rel=\"canonical\" href=\"https:\/\/www.dvoffshore.com\/fr\/activities\/unites-flottantes\/\" \/>\n<meta property=\"og:locale\" content=\"fr_FR\" \/>\n<meta property=\"og:type\" content=\"article\" \/>\n<meta property=\"og:title\" content=\"Unit\u00e9s flottantes - DVOffshore\" \/>\n<meta property=\"og:description\" content=\"UNIT\u00c9S FLOTTANTESFSO, FPSO, FLNG, FSRUDV Offshore a plus de 50 ans d&#039;exp\u00e9rience dans le domaine de l&#039;ing\u00e9nierie maritime, en particulier sur les navires convertis ou nouvellement construits pour l&#039;industrie p\u00e9troli\u00e8re et gazi\u00e8re. Nous appliquons notre vaste expertise aux unit\u00e9s flottantes de production, de stockage et de d\u00e9chargement (FPSO), aux installations flottantes de gaz naturel liqu\u00e9fi\u00e9 (FLNG) et aux unit\u00e9s flottantes de stockage et de regaz\u00e9ification (FSRU). Nous travaillons aussi bien en faible ou grande profondeur, pour des d\u00e9chargements \u00e0 couple ou en tandem. DV Offshore a \u00e9t\u00e9 s\u00e9lectionn\u00e9 pour participer \u00e0 plus de 25 projets FSO\/FPSO\/FSU situ\u00e9s dans 12 pays et totalisant 26 millions de barils de stockage avec une gamme de syst\u00e8mes d&#039;ancrage diff\u00e9rents (CALM, SALM, SBS, Yoke et Turret). Dans le cadre de ces contrats, nous nous sommes concentr\u00e9s sur l&#039;architecture navale, les syst\u00e8mes d&#039;ancrage et les op\u00e9rations maritimes\" \/>\n<meta property=\"og:url\" content=\"https:\/\/www.dvoffshore.com\/fr\/activities\/unites-flottantes\/\" \/>\n<meta property=\"og:site_name\" content=\"DVOffshore\" \/>\n<meta property=\"article:modified_time\" content=\"2024-07-24T16:33:41+00:00\" \/>\n<meta name=\"twitter:card\" content=\"summary_large_image\" \/>\n<meta name=\"twitter:label1\" content=\"Dur\u00e9e de lecture estim\u00e9e\" \/>\n\t<meta name=\"twitter:data1\" content=\"1 minute\" \/>\n<script type=\"application\/ld+json\" class=\"yoast-schema-graph\">{\"@context\":\"https:\\\/\\\/schema.org\",\"@graph\":[{\"@type\":\"WebPage\",\"@id\":\"https:\\\/\\\/www.dvoffshore.com\\\/fr\\\/activities\\\/unites-flottantes\\\/\",\"url\":\"https:\\\/\\\/www.dvoffshore.com\\\/fr\\\/activities\\\/unites-flottantes\\\/\",\"name\":\"Unit\u00e9s flottantes - DVOffshore\",\"isPartOf\":{\"@id\":\"https:\\\/\\\/www.dvoffshore.com\\\/fr\\\/#website\"},\"datePublished\":\"2023-06-05T12:04:54+00:00\",\"dateModified\":\"2024-07-24T16:33:41+00:00\",\"breadcrumb\":{\"@id\":\"https:\\\/\\\/www.dvoffshore.com\\\/fr\\\/activities\\\/unites-flottantes\\\/#breadcrumb\"},\"inLanguage\":\"fr-FR\",\"potentialAction\":[{\"@type\":\"ReadAction\",\"target\":[\"https:\\\/\\\/www.dvoffshore.com\\\/fr\\\/activities\\\/unites-flottantes\\\/\"]}]},{\"@type\":\"BreadcrumbList\",\"@id\":\"https:\\\/\\\/www.dvoffshore.com\\\/fr\\\/activities\\\/unites-flottantes\\\/#breadcrumb\",\"itemListElement\":[{\"@type\":\"ListItem\",\"position\":1,\"name\":\"Accueil\",\"item\":\"https:\\\/\\\/www.dvoffshore.com\\\/fr\\\/\"},{\"@type\":\"ListItem\",\"position\":2,\"name\":\"Nos activit\u00e9s\",\"item\":\"https:\\\/\\\/www.dvoffshore.com\\\/fr\\\/activities\\\/\"},{\"@type\":\"ListItem\",\"position\":3,\"name\":\"Unit\u00e9s flottantes\"}]},{\"@type\":\"WebSite\",\"@id\":\"https:\\\/\\\/www.dvoffshore.com\\\/fr\\\/#website\",\"url\":\"https:\\\/\\\/www.dvoffshore.com\\\/fr\\\/\",\"name\":\"DVOffshore\",\"description\":\"Consulting engineers\",\"publisher\":{\"@id\":\"https:\\\/\\\/www.dvoffshore.com\\\/fr\\\/#organization\"},\"potentialAction\":[{\"@type\":\"SearchAction\",\"target\":{\"@type\":\"EntryPoint\",\"urlTemplate\":\"https:\\\/\\\/www.dvoffshore.com\\\/fr\\\/?s={search_term_string}\"},\"query-input\":{\"@type\":\"PropertyValueSpecification\",\"valueRequired\":true,\"valueName\":\"search_term_string\"}}],\"inLanguage\":\"fr-FR\"},{\"@type\":\"Organization\",\"@id\":\"https:\\\/\\\/www.dvoffshore.com\\\/fr\\\/#organization\",\"name\":\"DVOffshore\",\"alternateName\":\"DVO\",\"url\":\"https:\\\/\\\/www.dvoffshore.com\\\/fr\\\/\",\"logo\":{\"@type\":\"ImageObject\",\"inLanguage\":\"fr-FR\",\"@id\":\"https:\\\/\\\/www.dvoffshore.com\\\/fr\\\/#\\\/schema\\\/logo\\\/image\\\/\",\"url\":\"https:\\\/\\\/www.dvoffshore.com\\\/wp-content\\\/uploads\\\/2022\\\/12\\\/logo-rvb.png\",\"contentUrl\":\"https:\\\/\\\/www.dvoffshore.com\\\/wp-content\\\/uploads\\\/2022\\\/12\\\/logo-rvb.png\",\"width\":618,\"height\":378,\"caption\":\"DVOffshore\"},\"image\":{\"@id\":\"https:\\\/\\\/www.dvoffshore.com\\\/fr\\\/#\\\/schema\\\/logo\\\/image\\\/\"}}]}<\/script>\n<!-- \/ Yoast SEO plugin. -->","yoast_head_json":{"title":"Unit\u00e9s flottantes - DVOffshore","robots":{"index":"index","follow":"follow","max-snippet":"max-snippet:-1","max-image-preview":"max-image-preview:large","max-video-preview":"max-video-preview:-1"},"canonical":"https:\/\/www.dvoffshore.com\/fr\/activities\/unites-flottantes\/","og_locale":"fr_FR","og_type":"article","og_title":"Unit\u00e9s flottantes - DVOffshore","og_description":"UNIT\u00c9S FLOTTANTESFSO, FPSO, FLNG, FSRUDV Offshore a plus de 50 ans d'exp\u00e9rience dans le domaine de l'ing\u00e9nierie maritime, en particulier sur les navires convertis ou nouvellement construits pour l'industrie p\u00e9troli\u00e8re et gazi\u00e8re. Nous appliquons notre vaste expertise aux unit\u00e9s flottantes de production, de stockage et de d\u00e9chargement (FPSO), aux installations flottantes de gaz naturel liqu\u00e9fi\u00e9 (FLNG) et aux unit\u00e9s flottantes de stockage et de regaz\u00e9ification (FSRU). Nous travaillons aussi bien en faible ou grande profondeur, pour des d\u00e9chargements \u00e0 couple ou en tandem. DV Offshore a \u00e9t\u00e9 s\u00e9lectionn\u00e9 pour participer \u00e0 plus de 25 projets FSO\/FPSO\/FSU situ\u00e9s dans 12 pays et totalisant 26 millions de barils de stockage avec une gamme de syst\u00e8mes d'ancrage diff\u00e9rents (CALM, SALM, SBS, Yoke et Turret). Dans le cadre de ces contrats, nous nous sommes concentr\u00e9s sur l'architecture navale, les syst\u00e8mes d'ancrage et les op\u00e9rations maritimes","og_url":"https:\/\/www.dvoffshore.com\/fr\/activities\/unites-flottantes\/","og_site_name":"DVOffshore","article_modified_time":"2024-07-24T16:33:41+00:00","twitter_card":"summary_large_image","twitter_misc":{"Dur\u00e9e de lecture estim\u00e9e":"1 minute"},"schema":{"@context":"https:\/\/schema.org","@graph":[{"@type":"WebPage","@id":"https:\/\/www.dvoffshore.com\/fr\/activities\/unites-flottantes\/","url":"https:\/\/www.dvoffshore.com\/fr\/activities\/unites-flottantes\/","name":"Unit\u00e9s flottantes - DVOffshore","isPartOf":{"@id":"https:\/\/www.dvoffshore.com\/fr\/#website"},"datePublished":"2023-06-05T12:04:54+00:00","dateModified":"2024-07-24T16:33:41+00:00","breadcrumb":{"@id":"https:\/\/www.dvoffshore.com\/fr\/activities\/unites-flottantes\/#breadcrumb"},"inLanguage":"fr-FR","potentialAction":[{"@type":"ReadAction","target":["https:\/\/www.dvoffshore.com\/fr\/activities\/unites-flottantes\/"]}]},{"@type":"BreadcrumbList","@id":"https:\/\/www.dvoffshore.com\/fr\/activities\/unites-flottantes\/#breadcrumb","itemListElement":[{"@type":"ListItem","position":1,"name":"Accueil","item":"https:\/\/www.dvoffshore.com\/fr\/"},{"@type":"ListItem","position":2,"name":"Nos activit\u00e9s","item":"https:\/\/www.dvoffshore.com\/fr\/activities\/"},{"@type":"ListItem","position":3,"name":"Unit\u00e9s flottantes"}]},{"@type":"WebSite","@id":"https:\/\/www.dvoffshore.com\/fr\/#website","url":"https:\/\/www.dvoffshore.com\/fr\/","name":"DVOffshore","description":"Consulting engineers","publisher":{"@id":"https:\/\/www.dvoffshore.com\/fr\/#organization"},"potentialAction":[{"@type":"SearchAction","target":{"@type":"EntryPoint","urlTemplate":"https:\/\/www.dvoffshore.com\/fr\/?s={search_term_string}"},"query-input":{"@type":"PropertyValueSpecification","valueRequired":true,"valueName":"search_term_string"}}],"inLanguage":"fr-FR"},{"@type":"Organization","@id":"https:\/\/www.dvoffshore.com\/fr\/#organization","name":"DVOffshore","alternateName":"DVO","url":"https:\/\/www.dvoffshore.com\/fr\/","logo":{"@type":"ImageObject","inLanguage":"fr-FR","@id":"https:\/\/www.dvoffshore.com\/fr\/#\/schema\/logo\/image\/","url":"https:\/\/www.dvoffshore.com\/wp-content\/uploads\/2022\/12\/logo-rvb.png","contentUrl":"https:\/\/www.dvoffshore.com\/wp-content\/uploads\/2022\/12\/logo-rvb.png","width":618,"height":378,"caption":"DVOffshore"},"image":{"@id":"https:\/\/www.dvoffshore.com\/fr\/#\/schema\/logo\/image\/"}}]}},"_links":{"self":[{"href":"https:\/\/www.dvoffshore.com\/fr\/wp-json\/wp\/v2\/pages\/1633","targetHints":{"allow":["GET"]}}],"collection":[{"href":"https:\/\/www.dvoffshore.com\/fr\/wp-json\/wp\/v2\/pages"}],"about":[{"href":"https:\/\/www.dvoffshore.com\/fr\/wp-json\/wp\/v2\/types\/page"}],"author":[{"embeddable":true,"href":"https:\/\/www.dvoffshore.com\/fr\/wp-json\/wp\/v2\/users\/1"}],"replies":[{"embeddable":true,"href":"https:\/\/www.dvoffshore.com\/fr\/wp-json\/wp\/v2\/comments?post=1633"}],"version-history":[{"count":8,"href":"https:\/\/www.dvoffshore.com\/fr\/wp-json\/wp\/v2\/pages\/1633\/revisions"}],"predecessor-version":[{"id":2017,"href":"https:\/\/www.dvoffshore.com\/fr\/wp-json\/wp\/v2\/pages\/1633\/revisions\/2017"}],"up":[{"embeddable":true,"href":"https:\/\/www.dvoffshore.com\/fr\/wp-json\/wp\/v2\/pages\/1594"}],"wp:attachment":[{"href":"https:\/\/www.dvoffshore.com\/fr\/wp-json\/wp\/v2\/media?parent=1633"}],"curies":[{"name":"wp","href":"https:\/\/api.w.org\/{rel}","templated":true}]}}